{"id":121,"date":"2019-08-16T12:54:28","date_gmt":"2019-08-16T12:54:28","guid":{"rendered":"https:\/\/kevatturnaus.fi\/?page_id=121"},"modified":"2026-01-14T09:16:58","modified_gmt":"2026-01-14T09:16:58","slug":"saannot","status":"publish","type":"page","link":"https:\/\/kevatturnaus.fi\/?page_id=121","title":{"rendered":"S\u00e4\u00e4nn\u00f6t"},"content":{"rendered":"<p>[et_pb_section fb_built=&#8221;1&#8243; fullwidth=&#8221;on&#8221; _builder_version=&#8221;4.16&#8243; global_colors_info=&#8221;{}&#8221;][et_pb_fullwidth_code _builder_version=&#8221;4.16&#8243; global_colors_info=&#8221;{}&#8221;]<img decoding=\"async\" src=\"https:\/\/kevatturnaus.fi\/wp-content\/uploads\/2019\/08\/s\u00e4\u00e4nn\u00f6t_banneri.jpg\">[\/et_pb_fullwidth_code][\/et_pb_section][et_pb_section fb_built=&#8221;1&#8243; _builder_version=&#8221;4.16&#8243; global_colors_info=&#8221;{}&#8221;][et_pb_row _builder_version=&#8221;4.16&#8243; global_colors_info=&#8221;{}&#8221;][et_pb_column type=&#8221;4_4&#8243; _builder_version=&#8221;4.16&#8243; global_colors_info=&#8221;{}&#8221;][et_pb_text _builder_version=&#8221;4.27.5&#8243; hover_enabled=&#8221;0&#8243; global_colors_info=&#8221;{}&#8221; sticky_enabled=&#8221;0&#8243;]<\/p>\n<div class=\"et_pb_text_inner\">\n<div class=\"et_pb_text_inner\">\n<h2><\/h2>\n<p>&nbsp;<\/p>\n<h2 style=\"text-align: center;\">Pelimuodot ja s\u00e4\u00e4nn\u00f6t 2026<\/h2>\n<h2 style=\"text-align: center;\"><\/h2>\n<h2 style=\"text-align: center;\"><\/h2>\n<h2 style=\"text-align: center;\"><\/h2>\n<h2 style=\"text-align: center;\">Peliaika<\/h2>\n<p style=\"text-align: center;\">8v8 (7v7) : 1 x 25 min<br \/>5v5 : 1 x 18 min<\/p>\n<h2 style=\"text-align: center;\">Pelikentt\u00e4<\/h2>\n<p style=\"text-align: center;\">P2013, P2014, P2015, P2016, P2017 Eliitti, T2013\/14, T2015 ja T2016 pelataan isolla kent\u00e4ll\u00e4 ( n. 55x40m \u2013 n. 65x48m) pieniin maaleihin.<br \/>P2017 Kilpa + Haaste + Harraste, P2018-19-20 \u00a0ja T2017-18 pelataan pienell\u00e4 kent\u00e4ll\u00e4 n. 35-40x20m.<\/p>\n<h2 style=\"text-align: center;\">Vaihdot<\/h2>\n<p style=\"text-align: center;\">Kaikissa sarjoissa vapaat edestakaiset vaihdot oman vaihtopenkin vaihtoalueelta.<\/p>\n<h2 style=\"text-align: center;\">Pelaajien lukum\u00e4\u00e4r\u00e4<\/h2>\n<p style=\"text-align: center;\">8v8 sarjat : 1 + 7 \/ 7v7 sarja : 1 + 6 \/\u00a0 5v5 sarjat : 1 + 4<\/p>\n<h2 style=\"text-align: center;\">Paitsio<\/h2>\n<p style=\"text-align: center;\">P2013-2014 ja T2013-T2014 \u00a0sarjoissa voimassa puolen kent\u00e4n paitsios\u00e4\u00e4nt\u00f6.<br \/>Muissa 8v8 (7v7) sarjoissa voimassa rangaistusalueen paitsios\u00e4\u00e4nt\u00f6.<br \/>5v5 sarjat : ei paitsiota.<\/p>\n<h2 style=\"text-align: center;\">Maalipotku<\/h2>\n<p style=\"text-align: center;\">Kaikissa sarjoissa maalipotku suoritetaan maasta potkaisemalla.<br \/>Huom: 5v5 sarjoissa maalivahti voi my\u00f6s heitt\u00e4\u00e4 pallon peliin.<\/p>\n<p style=\"text-align: center;\"><strong>Vet\u00e4ytymiss\u00e4\u00e4nn\u00f6t<\/strong><\/p>\n<p style=\"text-align: center;\">Palloliiton uusien ohjeistusten mukaisesti<\/p>\n<p style=\"text-align: center;\"><strong>Sivurajaheitto ja -kuljetus<\/strong><br \/>Palloliiton uusien ohjeistusten mukaisesti<\/p>\n<p style=\"text-align: center;\"><strong>Palkinnot<\/strong><br \/>5v5 sarjoissa jokaiselle osallistujamitali (max. yhdeks\u00e4n mitalia per joukkue)<br \/>8v8 (7v7) sarjoissa kolmelle parhaalle mitalit ja voittajajoukkueelle pokaali (max. 15 mitalia per joukkue)<\/p>\n<\/div>\n<p style=\"text-align: center;\"><b>Sarjat joissa alkulohkoja ja pelataan pokaaleista ja mitaleista on voimassa Suomen Palloliiton s\u00e4\u00e4nn\u00f6t :<\/b><\/p>\n<p style=\"text-align: center;\">Turnauksessa tai sarjassa, jossa on sallittu edestakaiset vaihdot, tasapisteiss\u00e4 ratkaisee sijoituksen:<\/p>\n<p style=\"text-align: center;\">a) kaikkien tasapisteisiin p\u00e4\u00e4tyneiden joukkueiden keskin\u00e4isten ottelujen<\/p>\n<p style=\"text-align: center;\">1) pisteet 2) maaliero 3) tehdyt maalit;<\/p>\n<p style=\"text-align: center;\">b) tasapisteisiin p\u00e4\u00e4tyneiden keskin\u00e4inen ottelu tai ottelut;<\/p>\n<p style=\"text-align: center;\">c) joukkueiden sarjassa tai lohkossa saavuttama 1) maaliero 2) tehdyt maalit;<\/p>\n<p style=\"text-align: center;\">d) keskin\u00e4iset ottelut;<\/p>\n<p style=\"text-align: center;\">e) arpa<\/p>\n<p style=\"text-align: center;\">(<a href=\"https:\/\/www.palloliitto.fi\/palvelut\/jalkapallon-saannot-maaraykset-ja-ohjeet\/jalkapallon-kilpailumaaraykset-fotbollens\">https:\/\/www.palloliitto.fi\/palvelut\/jalkapallon-saannot-maaraykset-ja-ohjeet\/jalkapallon-kilpailumaaraykset-fotbollens<\/a>)<\/p>\n<div class=\"et_pb_text_inner\">\n<p style=\"text-align: center;\"><strong>Yleiset<\/strong><\/p>\n<p>Palloliiton yli-ik\u00e4isyys ja kaksoisluedustusluvat voimassa :\u00a0<a href=\"http:\/\/www.palloliitto.fi\/yli-ikaisyys-ja-kaksoisedustusluvat-2020\">www.palloliitto.fi\/yli-ikaisyys-ja-kaksoisedustusluvat-2020<\/a><\/p>\n<p>Jokaisella turnaukseen osallistuvalla pelaajalla tulee olla voimassa oleva Palloliiton lisenssi ja sen lis\u00e4ksi vakuutusturva. Kev\u00e4tturnaus ei ole vakuuttanut pelaajia jalkallotapaturmien varalta erikseen.<\/p>\n<p style=\"text-align: left;\">K\u00e4pyl\u00e4 United ei ole takaisinmaksu vastuussa eik\u00e4 my\u00f6sk\u00e4\u00e4n vastuussa taloudellisesta tappiosta, joka voi synty\u00e4 tapahtumista jotka ovat j\u00e4rjest\u00e4j\u00e4n kontrollin ulkopuolella. (Force Majeure) Koronavirusepidemian tai sen kaltaisessa turnauksen peruutustilanteessa palautamme osallistumismaksut t\u00e4ysim\u00e4\u00e4r\u00e4isesti vuoden 2020 tapaan. Turnauksen osallistumisen voi peruuttaa maksutta 15.4.2026 asti.<\/p>\n<\/div>\n<\/div>\n<div class=\"et_pb_text_inner\">\n<p style=\"text-align: center;\">\n<\/div>\n<p>[\/et_pb_text][\/et_pb_column][\/et_pb_row][\/et_pb_section][et_pb_section fb_built=&#8221;1&#8243; fullwidth=&#8221;on&#8221; _builder_version=&#8221;3.27&#8243; background_color=&#8221;#0f1a37&#8243; bottom_divider_style=&#8221;curve2&#8243; bottom_divider_color=&#8221;#0f1a37&#8243; bottom_divider_height=&#8221;70px&#8221; bottom_divider_height_tablet=&#8221;20px&#8221; bottom_divider_height_phone=&#8221;20px&#8221; bottom_divider_height_last_edited=&#8221;on|desktop&#8221; global_module=&#8221;52&#8243; saved_tabs=&#8221;all&#8221; global_colors_info=&#8221;{}&#8221;][\/et_pb_section][et_pb_section fb_built=&#8221;1&#8243; _builder_version=&#8221;3.27&#8243; background_color=&#8221;#0f1a37&#8243; custom_margin=&#8221;-10px||||false|false&#8221; global_module=&#8221;53&#8243; saved_tabs=&#8221;all&#8221; global_colors_info=&#8221;{}&#8221;][et_pb_row _builder_version=&#8221;4.16&#8243; global_colors_info=&#8221;{}&#8221;][et_pb_column type=&#8221;4_4&#8243; _builder_version=&#8221;4.16&#8243; global_colors_info=&#8221;{}&#8221;][et_pb_image src=&#8221;https:\/\/kevatturnaus.fi\/wp-content\/uploads\/2019\/08\/CreatureAD_banneri.png&#8221; url=&#8221;https:\/\/creaturead.fi\/&#8221; url_new_window=&#8221;on&#8221; align=&#8221;center&#8221; _builder_version=&#8221;4.16&#8243; width=&#8221;45%&#8221; width_tablet=&#8221;80%&#8221; width_phone=&#8221;80%&#8221; width_last_edited=&#8221;on|desktop&#8221; global_colors_info=&#8221;{}&#8221;][\/et_pb_image][\/et_pb_column][\/et_pb_row][et_pb_row column_structure=&#8221;1_4,1_4,1_4,1_4&#8243; _builder_version=&#8221;4.16&#8243; global_colors_info=&#8221;{}&#8221;][et_pb_column type=&#8221;1_4&#8243; _builder_version=&#8221;4.25.0&#8243; _module_preset=&#8221;default&#8221; global_colors_info=&#8221;{}&#8221;][et_pb_text content_last_edited=&#8221;off|desktop&#8221; _builder_version=&#8221;4.22.1&#8243; global_colors_info=&#8221;{}&#8221; content__hover_enabled=&#8221;off|desktop&#8221;][\/et_pb_text][\/et_pb_column][et_pb_column type=&#8221;1_4&#8243; _builder_version=&#8221;4.16&#8243; global_colors_info=&#8221;{}&#8221;][et_pb_image src=&#8221;https:\/\/kevatturnaus.fi\/wp-content\/uploads\/2022\/10\/IMG_6507.jpg&#8221; title_text=&#8221;IMG_6507&#8243; _builder_version=&#8221;4.19.5&#8243; global_colors_info=&#8221;{}&#8221;][\/et_pb_image][\/et_pb_column][et_pb_column type=&#8221;1_4&#8243; _builder_version=&#8221;4.16&#8243; global_colors_info=&#8221;{}&#8221;][et_pb_image src=&#8221;https:\/\/kevatturnaus.fi\/wp-content\/uploads\/2022\/10\/IMG_6511.jpg&#8221; title_text=&#8221;IMG_6511&#8243; _builder_version=&#8221;4.19.5&#8243; global_colors_info=&#8221;{}&#8221;][\/et_pb_image][\/et_pb_column][et_pb_column type=&#8221;1_4&#8243; _builder_version=&#8221;4.16&#8243; global_colors_info=&#8221;{}&#8221;][et_pb_image src=&#8221;https:\/\/kevatturnaus.fi\/wp-content\/uploads\/2022\/10\/IMG_6514.jpg&#8221; title_text=&#8221;IMG_6514&#8243; _builder_version=&#8221;4.19.5&#8243; global_colors_info=&#8221;{}&#8221;][\/et_pb_image][\/et_pb_column][\/et_pb_row][et_pb_row _builder_version=&#8221;4.16&#8243; global_colors_info=&#8221;{}&#8221;][et_pb_column type=&#8221;4_4&#8243; _builder_version=&#8221;4.16&#8243; global_colors_info=&#8221;{}&#8221;][et_pb_text _builder_version=&#8221;4.16&#8243; background_layout=&#8221;dark&#8221; global_colors_info=&#8221;{}&#8221;]<\/p>\n<h2>Yhteystiedot \/ Ottelutapahtumat<\/h2>\n<p>K\u00e4pyl\u00e4 United : Timo Maakannas : timo@kapylaunited.fi \/ 0407319490<\/p>\n<p><a href=\"https:\/\/kevatturnaus.fi\/helsinki-spring-cup\/\">In English<\/a><\/p>\n<p>[\/et_pb_text][\/et_pb_column][\/et_pb_row][\/et_pb_section]<\/p>\n","protected":false},"excerpt":{"rendered":"<p>&nbsp; Pelimuodot ja s\u00e4\u00e4nn\u00f6t 2026 Peliaika 8v8 (7v7) : 1 x 25 min5v5 : 1 x 18 min Pelikentt\u00e4 P2013, P2014, P2015, P2016, P2017 Eliitti, T2013\/14, T2015 ja T2016 pelataan isolla kent\u00e4ll\u00e4 ( n. 55x40m \u2013 n. 65x48m) pieniin maaleihin.P2017 Kilpa + Haaste + Harraste, P2018-19-20 \u00a0ja T2017-18 pelataan pienell\u00e4 kent\u00e4ll\u00e4 n. 35-40x20m. Vaihdot Kaikissa [&hellip;]<\/p>\n","protected":false},"author":1,"featured_media":0,"parent":0,"menu_order":0,"comment_status":"closed","ping_status":"closed","template":"","meta":{"_et_pb_use_builder":"on","_et_pb_old_content":"","_et_gb_content_width":"","footnotes":""},"class_list":["post-121","page","type-page","status-publish","hentry"],"_links":{"self":[{"href":"https:\/\/kevatturnaus.fi\/index.php?rest_route=\/wp\/v2\/pages\/121","targetHints":{"allow":["GET"]}}],"collection":[{"href":"https:\/\/kevatturnaus.fi\/index.php?rest_route=\/wp\/v2\/pages"}],"about":[{"href":"https:\/\/kevatturnaus.fi\/index.php?rest_route=\/wp\/v2\/types\/page"}],"author":[{"embeddable":true,"href":"https:\/\/kevatturnaus.fi\/index.php?rest_route=\/wp\/v2\/users\/1"}],"replies":[{"embeddable":true,"href":"https:\/\/kevatturnaus.fi\/index.php?rest_route=%2Fwp%2Fv2%2Fcomments&post=121"}],"version-history":[{"count":46,"href":"https:\/\/kevatturnaus.fi\/index.php?rest_route=\/wp\/v2\/pages\/121\/revisions"}],"predecessor-version":[{"id":2976,"href":"https:\/\/kevatturnaus.fi\/index.php?rest_route=\/wp\/v2\/pages\/121\/revisions\/2976"}],"wp:attachment":[{"href":"https:\/\/kevatturnaus.fi\/index.php?rest_route=%2Fwp%2Fv2%2Fmedia&parent=121"}],"curies":[{"name":"wp","href":"https:\/\/api.w.org\/{rel}","templated":true}]}}