{"id":1428,"date":"2023-02-07T12:32:33","date_gmt":"2023-02-07T12:32:33","guid":{"rendered":"https:\/\/kevatturnaus.fi\/?page_id=1428"},"modified":"2025-10-27T10:07:01","modified_gmt":"2025-10-27T10:07:01","slug":"syysturnaus","status":"publish","type":"page","link":"https:\/\/kevatturnaus.fi\/?page_id=1428","title":{"rendered":"Syysturnaus"},"content":{"rendered":"<p>[et_pb_section fb_built=&#8221;1&#8243; _builder_version=&#8221;4.19.5&#8243; _module_preset=&#8221;default&#8221; background_image=&#8221;https:\/\/kevatturnaus.fi\/wp-content\/uploads\/2023\/02\/ST-hero.jpg&#8221; global_colors_info=&#8221;{}&#8221;][et_pb_row _builder_version=&#8221;4.19.5&#8243; _module_preset=&#8221;default&#8221; background_enable_color=&#8221;off&#8221; background_enable_image=&#8221;off&#8221; global_colors_info=&#8221;{}&#8221;][et_pb_column type=&#8221;4_4&#8243; _builder_version=&#8221;4.19.5&#8243; _module_preset=&#8221;default&#8221; global_colors_info=&#8221;{}&#8221;][et_pb_text _builder_version=&#8221;4.19.5&#8243; _module_preset=&#8221;default&#8221; global_colors_info=&#8221;{}&#8221;]<\/p>\n<p><span style=\"color: #ffffff;\"><a href=\"http:\/\/www.syysturnaus.fi\" style=\"color: #ffffff;\"><img loading=\"lazy\" decoding=\"async\" src=\"https:\/\/kevatturnaus.fi\/wp-content\/uploads\/2023\/02\/syysturnaus-logo-300x300-1.png\" width=\"300\" height=\"300\" alt=\"\" class=\"wp-image-1434 alignnone size-full\" style=\"display: block; margin-left: auto; margin-right: auto;\" srcset=\"https:\/\/kevatturnaus.fi\/wp-content\/uploads\/2023\/02\/syysturnaus-logo-300x300-1.png 300w, https:\/\/kevatturnaus.fi\/wp-content\/uploads\/2023\/02\/syysturnaus-logo-300x300-1-150x150.png 150w\" sizes=\"(max-width: 300px) 100vw, 300px\" \/><\/a><\/span><\/p>\n<h2 style=\"text-align: center;\"><span style=\"color: #ffffff;\"><strong>Syyskuussa 2026 pelataan Helsingin Syysturnaus:<\/strong><\/span><\/h2>\n<h2 style=\"text-align: center;\"><\/h2>\n<p><span style=\"color: #ffffff;\"><strong><\/strong><\/span><\/p>\n<h1 style=\"text-align: center;\"><span style=\"color: #ffffff;\"><a href=\"http:\/\/www.syysturnaus.fi\/\" style=\"color: #ffffff;\"><strong>www.syysturnaus.fi<\/strong><\/a><\/span><\/h1>\n<p><span style=\"color: #ffffff;\">\u00a0<\/span><\/p>\n<p style=\"text-align: center;\"><span style=\"color: #ffffff;\"><a href='http:\/\/www.syysturnaus.fi' class='small-button smallorange'>SYYSTURNAUS SIVUSTO<\/a> <a href='https:\/\/www.instagram.com\/syysturnaus_helsinki\/' class='small-button smallblue'>SYYSTURNAUS INSTAGRAM<\/a><\/span><\/p>\n<p style=\"text-align: center;\"><span style=\"color: #ffffff;\">tiedustelut : timo@kapylaunited.fi \/ 0407319490 (WhatsApp)<\/span><\/p>\n<h4 style=\"text-align: center;\"><span style=\"color: #ffffff;\"><strong><\/strong><\/span><\/h4>\n<h4 style=\"text-align: center;\"><span style=\"color: #ffffff;\"><strong>Turnauksessa on kaikilla yhden p\u00e4iv\u00e4n (joko lauantai tai sunnuntai) aikana 4-5 ottelua.\u00a0Pelaamme tekonurmi- ja nurmikentill\u00e4 K\u00e4pyl\u00e4ss\u00e4, Oulunkyl\u00e4ss\u00e4, \u00a0Tapanilassa sek\u00e4 Myllypurossa. Edullinen ja loistavien olosuhteiden Syysturnaus !<\/strong><\/span><\/h4>\n<p><span style=\"color: #ffffff;\"><strong><\/strong><\/span><\/p>\n<h4 style=\"text-align: center;\"><span style=\"color: #ffffff;\">Helsingiss\u00e4 pelataan syyskuussa 2026 Syysturnaus, jossa perinteiset turnausj\u00e4rjest\u00e4j\u00e4t K\u00e4pyl\u00e4 United sek\u00e4 Talviliiga j\u00e4rjest\u00e4v\u00e4t lasten ja nuorten jalkapalloturnauksen pojille ja tyt\u00f6ille<\/span><\/h4>\n<p>[\/et_pb_text][\/et_pb_column][\/et_pb_row][\/et_pb_section][et_pb_section fb_built=&#8221;1&#8243; _builder_version=&#8221;4.19.5&#8243; _module_preset=&#8221;default&#8221; background_image=&#8221;https:\/\/kevatturnaus.fi\/wp-content\/uploads\/2023\/02\/ST-hero.jpg&#8221; global_colors_info=&#8221;{}&#8221;][et_pb_row _builder_version=&#8221;4.19.5&#8243; _module_preset=&#8221;default&#8221; global_colors_info=&#8221;{}&#8221;][et_pb_column type=&#8221;4_4&#8243; _builder_version=&#8221;4.19.5&#8243; _module_preset=&#8221;default&#8221; global_colors_info=&#8221;{}&#8221;][et_pb_gallery gallery_ids=&#8221;1444,1441,1445,1443&#8243; _builder_version=&#8221;4.19.5&#8243; _module_preset=&#8221;default&#8221; global_colors_info=&#8221;{}&#8221;][\/et_pb_gallery][\/et_pb_column][\/et_pb_row][\/et_pb_section]<\/p>\n","protected":false},"excerpt":{"rendered":"<p>Syyskuussa 2026 pelataan Helsingin Syysturnaus: www.syysturnaus.fi \u00a0 <a href='http:\/\/www.syysturnaus.fi' class='small-button smallorange'>SYYSTURNAUS SIVUSTO<\/a> <a href='https:\/\/www.instagram.com\/syysturnaus_helsinki\/' class='small-button smallblue'>SYYSTURNAUS INSTAGRAM<\/a> tiedustelut : timo@kapylaunited.fi \/ 0407319490 (WhatsApp) Turnauksessa on kaikilla yhden p\u00e4iv\u00e4n (joko lauantai tai sunnuntai) aikana 4-5 ottelua.\u00a0Pelaamme tekonurmi- ja nurmikentill\u00e4 K\u00e4pyl\u00e4ss\u00e4, Oulunkyl\u00e4ss\u00e4, \u00a0Tapanilassa sek\u00e4 Myllypurossa. Edullinen ja loistavien olosuhteiden Syysturnaus ! Helsingiss\u00e4 pelataan syyskuussa 2026 Syysturnaus, jossa perinteiset [&hellip;]<\/p>\n","protected":false},"author":2,"featured_media":0,"parent":0,"menu_order":0,"comment_status":"closed","ping_status":"closed","template":"","meta":{"_et_pb_use_builder":"on","_et_pb_old_content":"","_et_gb_content_width":"","footnotes":""},"class_list":["post-1428","page","type-page","status-publish","hentry"],"_links":{"self":[{"href":"https:\/\/kevatturnaus.fi\/index.php?rest_route=\/wp\/v2\/pages\/1428","targetHints":{"allow":["GET"]}}],"collection":[{"href":"https:\/\/kevatturnaus.fi\/index.php?rest_route=\/wp\/v2\/pages"}],"about":[{"href":"https:\/\/kevatturnaus.fi\/index.php?rest_route=\/wp\/v2\/types\/page"}],"author":[{"embeddable":true,"href":"https:\/\/kevatturnaus.fi\/index.php?rest_route=\/wp\/v2\/users\/2"}],"replies":[{"embeddable":true,"href":"https:\/\/kevatturnaus.fi\/index.php?rest_route=%2Fwp%2Fv2%2Fcomments&post=1428"}],"version-history":[{"count":13,"href":"https:\/\/kevatturnaus.fi\/index.php?rest_route=\/wp\/v2\/pages\/1428\/revisions"}],"predecessor-version":[{"id":2818,"href":"https:\/\/kevatturnaus.fi\/index.php?rest_route=\/wp\/v2\/pages\/1428\/revisions\/2818"}],"wp:attachment":[{"href":"https:\/\/kevatturnaus.fi\/index.php?rest_route=%2Fwp%2Fv2%2Fmedia&parent=1428"}],"curies":[{"name":"wp","href":"https:\/\/api.w.org\/{rel}","templated":true}]}}