{"id":172,"date":"2019-08-16T15:15:55","date_gmt":"2019-08-16T15:15:55","guid":{"rendered":"https:\/\/kevatturnaus.fi\/?page_id=172"},"modified":"2025-10-27T09:59:24","modified_gmt":"2025-10-27T09:59:24","slug":"kentat","status":"publish","type":"page","link":"https:\/\/kevatturnaus.fi\/?page_id=172","title":{"rendered":"Kent\u00e4t"},"content":{"rendered":"<p>[et_pb_section fb_built=&#8221;1&#8243; fullwidth=&#8221;on&#8221; _builder_version=&#8221;4.16&#8243; global_colors_info=&#8221;{}&#8221;][et_pb_fullwidth_code _builder_version=&#8221;4.16&#8243; global_colors_info=&#8221;{}&#8221;]<img decoding=\"async\" src=\"https:\/\/kevatturnaus.fi\/wp-content\/uploads\/2019\/08\/kent\u00e4t_banneri.jpg\" \/>[\/et_pb_fullwidth_code][\/et_pb_section][et_pb_section fb_built=&#8221;1&#8243; _builder_version=&#8221;4.16&#8243; global_colors_info=&#8221;{}&#8221;][et_pb_row _builder_version=&#8221;4.16&#8243; hover_enabled=&#8221;0&#8243; global_colors_info=&#8221;{}&#8221; sticky_enabled=&#8221;0&#8243;][et_pb_column type=&#8221;4_4&#8243; _builder_version=&#8221;4.16&#8243; global_colors_info=&#8221;{}&#8221;][et_pb_text _builder_version=&#8221;4.27.4&#8243; hover_enabled=&#8221;0&#8243; global_colors_info=&#8221;{}&#8221; sticky_enabled=&#8221;0&#8243;]<\/p>\n<h2><img loading=\"lazy\" decoding=\"async\" src=\"https:\/\/kevatturnaus.fi\/wp-content\/uploads\/2025\/10\/Nayttokuva-2025-10-27-kello-11.52.46-1024x563.png\" width=\"1024\" height=\"563\" alt=\"\" class=\"wp-image-2815 alignnone size-large\" srcset=\"https:\/\/kevatturnaus.fi\/wp-content\/uploads\/2025\/10\/Nayttokuva-2025-10-27-kello-11.52.46-980x538.png 980w, https:\/\/kevatturnaus.fi\/wp-content\/uploads\/2025\/10\/Nayttokuva-2025-10-27-kello-11.52.46-480x264.png 480w\" sizes=\"(min-width: 0px) and (max-width: 480px) 480px, (min-width: 481px) and (max-width: 980px) 980px, (min-width: 981px) 1024px, 100vw\" \/><\/h2>\n<h2 style=\"text-align: center;\"><\/h2>\n<h2 style=\"text-align: center;\"><\/h2>\n<h2 style=\"text-align: center;\">Karttakuvaa klikkaamalla kent\u00e4n Google Maps &#8211; karttaan<\/h2>\n<p>[\/et_pb_text][\/et_pb_column][\/et_pb_row][et_pb_row _builder_version=&#8221;4.25.0&#8243; _module_preset=&#8221;default&#8221; global_colors_info=&#8221;{}&#8221;][et_pb_column type=&#8221;4_4&#8243; _builder_version=&#8221;4.25.0&#8243; _module_preset=&#8221;default&#8221; global_colors_info=&#8221;{}&#8221;][et_pb_text _builder_version=&#8221;4.27.0&#8243; _module_preset=&#8221;default&#8221; global_colors_info=&#8221;{}&#8221;][\/et_pb_text][\/et_pb_column][\/et_pb_row][et_pb_row column_structure=&#8221;1_2,1_2&#8243; _builder_version=&#8221;4.16&#8243; global_colors_info=&#8221;{}&#8221;][et_pb_column type=&#8221;1_2&#8243; _builder_version=&#8221;4.16&#8243; global_colors_info=&#8221;{}&#8221;][et_pb_blurb title=&#8221;K\u00e4pyl\u00e4n urheilupuiston nurmi ja tekonurmi&#8221; image=&#8221;https:\/\/kevatturnaus.fi\/wp-content\/uploads\/2019\/08\/k\u00e4pyl\u00e4n_liikuntapuisto.jpg&#8221; _builder_version=&#8221;4.21.0&#8243; animation=&#8221;off&#8221; link_option_url=&#8221;https:\/\/goo.gl\/maps\/yPEZwWV2tsySrEXN9&#8243; link_option_url_new_window=&#8221;on&#8221; global_colors_info=&#8221;{}&#8221;]<\/p>\n<p>M\u00e4kel\u00e4nkatu 72<br \/>00610 Helsinki<\/p>\n<p><img loading=\"lazy\" decoding=\"async\" src=\"https:\/\/kevatturnaus.fi\/wp-content\/uploads\/2023\/05\/KAPYLA-scaled.jpg\" width=\"2560\" height=\"1920\" alt=\"\" class=\"wp-image-1746 alignnone size-full\" srcset=\"https:\/\/kevatturnaus.fi\/wp-content\/uploads\/2023\/05\/KAPYLA-scaled.jpg 2560w, https:\/\/kevatturnaus.fi\/wp-content\/uploads\/2023\/05\/KAPYLA-1280x960.jpg 1280w, https:\/\/kevatturnaus.fi\/wp-content\/uploads\/2023\/05\/KAPYLA-980x735.jpg 980w, https:\/\/kevatturnaus.fi\/wp-content\/uploads\/2023\/05\/KAPYLA-480x360.jpg 480w\" sizes=\"(min-width: 0px) and (max-width: 480px) 480px, (min-width: 481px) and (max-width: 980px) 980px, (min-width: 981px) and (max-width: 1280px) 1280px, (min-width: 1281px) 2560px, 100vw\" \/><\/p>\n<p>&nbsp;<\/p>\n<p>[\/et_pb_blurb][et_pb_blurb title=&#8221;Kartanon tekonurmi \/ Vuosaaren likuntapuisto&#8221; url=&#8221;https:\/\/goo.gl\/maps\/jaD2WHTeMDo62kw57&#8243; image=&#8221;https:\/\/kevatturnaus.fi\/wp-content\/uploads\/2024\/05\/Nayttokuva-2023-9-5-kello-15.02.54.png&#8221; _builder_version=&#8221;4.25.0&#8243; global_colors_info=&#8221;{}&#8221;]<\/p>\n<p><span>Pallokuja 4<\/span><\/p>\n<p><span>00980 Helsinki<\/span><\/p>\n<p><span><\/span><\/p>\n<p><span><\/span><\/p>\n<p><strong><\/strong><\/p>\n<p><strong>Tapulin tekonurmi<\/strong><\/p>\n<p><strong><a href=\"https:\/\/www.google.com\/maps\/place\/\/data=!4m2!3m1!1s0x469207d9ad6d0975:0x1a5ac1f55421cb59?sa=X&amp;ved=1t:8290&amp;ictx=111\" data-url=\"\/maps\/place\/\/data=!4m2!3m1!1s0x469207d9ad6d0975:0x1a5ac1f55421cb59?sa=X&amp;ved=2ahUKEwjh257pvpaNAxXvHBAIHZ18FLkQ4kB6BAgGEAA\" data-sb=\"\/url?sa=t&amp;source=web&amp;rct=j&amp;opi=89978449&amp;url=\/maps\/place\/\/data%3D!4m2!3m1!1s0x469207d9ad6d0975:0x1a5ac1f55421cb59%3Fsa%3DX%26ved%3D1t:8290%26ictx%3D111&amp;ved=2ahUKEwjh257pvpaNAxXvHBAIHZ18FLkQ4kB6BAghEAM&amp;usg=AOvVaw1QnZFxVLbjEl-lFDCuJDku\" tabindex=\"0\"><span>Parmaajantie 3, 00750 Helsinki<\/span><\/a><\/strong><\/p>\n<p><strong><\/strong><\/p>\n<p><strong><\/strong><\/p>\n<p><strong>Puistolan tekonurmi<\/strong><strong><\/strong><\/p>\n<p>Karjuniitynkuja 3 ja\/ tai Koudantie 4 \/ \u00a000760 Helsinki\u00a0<\/p>\n<p>&nbsp;<\/p>\n<p><strong><\/strong><\/p>\n<p><strong>Mosan Webmbley (Tapanila)<\/strong><\/p>\n<p><strong><\/strong><\/p>\n<p>Moisiontie 1, 00730 Helsinki\u00a0<\/p>\n<p>[\/et_pb_blurb][\/et_pb_column][et_pb_column type=&#8221;1_2&#8243; _builder_version=&#8221;4.16&#8243; global_colors_info=&#8221;{}&#8221;][et_pb_blurb title=&#8221;Oulunkyl\u00e4n urheilupuiston Stadion MustaPekka Areena ja PikkuPekka Areena&#8221; image=&#8221;https:\/\/kevatturnaus.fi\/wp-content\/uploads\/2019\/08\/Oulunkyl\u00e4_kartta.jpg&#8221; _builder_version=&#8221;4.25.0&#8243; animation=&#8221;off&#8221; link_option_url=&#8221;https:\/\/goo.gl\/maps\/NhRoS8ZRbGnZsRLg6&#8243; link_option_url_new_window=&#8221;on&#8221; global_colors_info=&#8221;{}&#8221;]<\/p>\n<p>K\u00e4skynhaltijantie 11<br \/>00640 Helsinki<\/p>\n<p>(numeroitu kentt\u00e4 MustaPekka ja taaempi PikkuPekka jossa sama numerointi)<\/p>\n<p><img loading=\"lazy\" decoding=\"async\" src=\"https:\/\/kevatturnaus.fi\/wp-content\/uploads\/2023\/05\/oou-Keli-scaled.jpg\" width=\"2560\" height=\"1920\" alt=\"\" class=\"wp-image-1743 alignnone size-full\" srcset=\"https:\/\/kevatturnaus.fi\/wp-content\/uploads\/2023\/05\/oou-Keli-scaled.jpg 2560w, https:\/\/kevatturnaus.fi\/wp-content\/uploads\/2023\/05\/oou-Keli-1280x960.jpg 1280w, https:\/\/kevatturnaus.fi\/wp-content\/uploads\/2023\/05\/oou-Keli-980x735.jpg 980w, https:\/\/kevatturnaus.fi\/wp-content\/uploads\/2023\/05\/oou-Keli-480x360.jpg 480w\" sizes=\"(min-width: 0px) and (max-width: 480px) 480px, (min-width: 481px) and (max-width: 980px) 980px, (min-width: 981px) and (max-width: 1280px) 1280px, (min-width: 1281px) 2560px, 100vw\" \/><\/p>\n<p>&nbsp;<\/p>\n<p>[\/et_pb_blurb][et_pb_blurb title=&#8221;Myllypuron liikuntapuiston tekonurmi ja Myllyhallin kentt\u00e4&#8221; url=&#8221;https:\/\/www.google.com\/maps\/place\/Myllypuron+tekonurmi\/@60.217038,25.074406,17z\/data=!3m1!4b1!4m6!3m5!1s0x469208d2f20245a7:0xa1114e59e95a10c!8m2!3d60.217038!4d25.0765947!16s%2Fg%2F11b7cr_5wb&#8221; image=&#8221;https:\/\/kevatturnaus.fi\/wp-content\/uploads\/2022\/05\/MPuro2.jpg&#8221; _builder_version=&#8221;4.21.0&#8243; animation=&#8221;off&#8221; link_option_url=&#8221;https:\/\/www.google.com\/maps\/place\/Myllypuron+tekonurmi\/@60.217038,25.074406,17z\/data=!3m1!4b1!4m6!3m5!1s0x469208d2f20245a7:0xa1114e59e95a10c!8m2!3d60.217038!4d25.0765947!16s%2Fg%2F11b7cr_5wb&#8221; link_option_url_new_window=&#8221;on&#8221; global_colors_info=&#8221;{}&#8221;]<\/p>\n<p>Myllytontunpolku 1<br \/>00920 Helsinki<\/p>\n<p><img loading=\"lazy\" decoding=\"async\" src=\"https:\/\/kevatturnaus.fi\/wp-content\/uploads\/2023\/05\/IMG_3689-1.jpg\" width=\"2114\" height=\"1588\" alt=\"\" class=\"wp-image-1756 alignnone size-full\" srcset=\"https:\/\/kevatturnaus.fi\/wp-content\/uploads\/2023\/05\/IMG_3689-1.jpg 2114w, https:\/\/kevatturnaus.fi\/wp-content\/uploads\/2023\/05\/IMG_3689-1-1280x962.jpg 1280w, https:\/\/kevatturnaus.fi\/wp-content\/uploads\/2023\/05\/IMG_3689-1-980x736.jpg 980w, https:\/\/kevatturnaus.fi\/wp-content\/uploads\/2023\/05\/IMG_3689-1-480x361.jpg 480w\" sizes=\"(min-width: 0px) and (max-width: 480px) 480px, (min-width: 481px) and (max-width: 980px) 980px, (min-width: 981px) and (max-width: 1280px) 1280px, (min-width: 1281px) 2114px, 100vw\" \/><\/p>\n<p>&nbsp;<\/p>\n<p>[\/et_pb_blurb][et_pb_blurb title=&#8221;Talin liikuntapuiston tekonurmi&#8221; url=&#8221;https:\/\/www.google.com\/maps\/place\/Talin+liikuntapuisto+%2F+Tekonurmikentt\u00e4\/@60.2145855,24.8662616,17z\/data=!3m1!4b1!4m5!3m4!1s0x468df750b3ce62a5:0x276caf87cf935f64!8m2!3d60.2145855!4d24.8662616&#8243; url_new_window=&#8221;on&#8221; image=&#8221;https:\/\/kevatturnaus.fi\/wp-content\/uploads\/2022\/05\/tali2.jpg&#8221; _builder_version=&#8221;4.21.0&#8243; global_colors_info=&#8221;{}&#8221;]<\/p>\n<p>Purotie 8<\/p>\n<p>00380 Helsinki<\/p>\n<p><img loading=\"lazy\" decoding=\"async\" src=\"https:\/\/kevatturnaus.fi\/wp-content\/uploads\/2023\/05\/IMG_3687-2.jpg\" width=\"1600\" height=\"931\" alt=\"\" class=\"wp-image-1752 alignnone size-full\" srcset=\"https:\/\/kevatturnaus.fi\/wp-content\/uploads\/2023\/05\/IMG_3687-2.jpg 1600w, https:\/\/kevatturnaus.fi\/wp-content\/uploads\/2023\/05\/IMG_3687-2-1280x745.jpg 1280w, https:\/\/kevatturnaus.fi\/wp-content\/uploads\/2023\/05\/IMG_3687-2-980x570.jpg 980w, https:\/\/kevatturnaus.fi\/wp-content\/uploads\/2023\/05\/IMG_3687-2-480x279.jpg 480w\" sizes=\"(min-width: 0px) and (max-width: 480px) 480px, (min-width: 481px) and (max-width: 980px) 980px, (min-width: 981px) and (max-width: 1280px) 1280px, (min-width: 1281px) 1600px, 100vw\" \/><\/p>\n<p>&nbsp;<\/p>\n<p>[\/et_pb_blurb][\/et_pb_column][\/et_pb_row][et_pb_row column_structure=&#8221;1_2,1_2&#8243; _builder_version=&#8221;4.21.0&#8243; _module_preset=&#8221;default&#8221; global_colors_info=&#8221;{}&#8221;][et_pb_column type=&#8221;1_2&#8243; _builder_version=&#8221;4.21.0&#8243; _module_preset=&#8221;default&#8221; global_colors_info=&#8221;{}&#8221;][et_pb_blurb title=&#8221;Lassilan urheilupuisto&#8221; url=&#8221;https:\/\/www.google.com\/maps\/place\/Lassila+Sports+Park\/@60.2337825,24.8732534,17z\/data=!3m1!4b1!4m6!3m5!1s0x468df63bcb5701c3:0x23592c35251c785e!8m2!3d60.2337825!4d24.8758337!16s%2Fg%2F11c525l1hb&#8221; image=&#8221;https:\/\/kevatturnaus.fi\/wp-content\/uploads\/2023\/05\/Nayttokuva-2023-5-9-kello-0.05.29.png&#8221; _builder_version=&#8221;4.21.0&#8243; _module_preset=&#8221;default&#8221; global_colors_info=&#8221;{}&#8221;]<\/p>\n<p>Laurinniitynpolku 2<\/p>\n<p>00440 Helsinki<\/p>\n<p><img loading=\"lazy\" decoding=\"async\" src=\"https:\/\/kevatturnaus.fi\/wp-content\/uploads\/2023\/05\/las-scaled.jpg\" width=\"2560\" height=\"1920\" alt=\"\" class=\"wp-image-1738 alignnone size-full\" srcset=\"https:\/\/kevatturnaus.fi\/wp-content\/uploads\/2023\/05\/las-scaled.jpg 2560w, https:\/\/kevatturnaus.fi\/wp-content\/uploads\/2023\/05\/las-1280x960.jpg 1280w, https:\/\/kevatturnaus.fi\/wp-content\/uploads\/2023\/05\/las-980x735.jpg 980w, https:\/\/kevatturnaus.fi\/wp-content\/uploads\/2023\/05\/las-480x360.jpg 480w\" sizes=\"(min-width: 0px) and (max-width: 480px) 480px, (min-width: 481px) and (max-width: 980px) 980px, (min-width: 981px) and (max-width: 1280px) 1280px, (min-width: 1281px) 2560px, 100vw\" \/>\u00a0<\/p>\n<p>&nbsp;<\/p>\n<p>[\/et_pb_blurb][\/et_pb_column][et_pb_column type=&#8221;1_2&#8243; _builder_version=&#8221;4.21.0&#8243; _module_preset=&#8221;default&#8221; global_colors_info=&#8221;{}&#8221;][\/et_pb_column][\/et_pb_row][\/et_pb_section][et_pb_section fb_built=&#8221;1&#8243; fullwidth=&#8221;on&#8221; _builder_version=&#8221;3.27&#8243; background_color=&#8221;#0f1a37&#8243; bottom_divider_style=&#8221;curve2&#8243; bottom_divider_color=&#8221;#0f1a37&#8243; bottom_divider_height=&#8221;70px&#8221; bottom_divider_height_tablet=&#8221;20px&#8221; bottom_divider_height_phone=&#8221;20px&#8221; bottom_divider_height_last_edited=&#8221;on|desktop&#8221; global_module=&#8221;52&#8243; saved_tabs=&#8221;all&#8221; global_colors_info=&#8221;{}&#8221;][\/et_pb_section][et_pb_section fb_built=&#8221;1&#8243; _builder_version=&#8221;3.27&#8243; background_color=&#8221;#0f1a37&#8243; custom_margin=&#8221;-10px||||false|false&#8221; global_module=&#8221;53&#8243; saved_tabs=&#8221;all&#8221; global_colors_info=&#8221;{}&#8221;][et_pb_row _builder_version=&#8221;4.16&#8243; global_colors_info=&#8221;{}&#8221;][et_pb_column type=&#8221;4_4&#8243; _builder_version=&#8221;4.16&#8243; global_colors_info=&#8221;{}&#8221;][et_pb_image src=&#8221;https:\/\/kevatturnaus.fi\/wp-content\/uploads\/2019\/08\/CreatureAD_banneri.png&#8221; url=&#8221;https:\/\/creaturead.fi\/&#8221; url_new_window=&#8221;on&#8221; align=&#8221;center&#8221; _builder_version=&#8221;4.16&#8243; width=&#8221;45%&#8221; width_tablet=&#8221;80%&#8221; width_phone=&#8221;80%&#8221; width_last_edited=&#8221;on|desktop&#8221; global_colors_info=&#8221;{}&#8221;][\/et_pb_image][\/et_pb_column][\/et_pb_row][et_pb_row column_structure=&#8221;1_4,1_4,1_4,1_4&#8243; _builder_version=&#8221;4.16&#8243; global_colors_info=&#8221;{}&#8221;][et_pb_column type=&#8221;1_4&#8243; _builder_version=&#8221;4.25.0&#8243; _module_preset=&#8221;default&#8221; global_colors_info=&#8221;{}&#8221;][et_pb_text content_last_edited=&#8221;off|desktop&#8221; _builder_version=&#8221;4.22.1&#8243; global_colors_info=&#8221;{}&#8221; content__hover_enabled=&#8221;off|desktop&#8221;][\/et_pb_text][\/et_pb_column][et_pb_column type=&#8221;1_4&#8243; _builder_version=&#8221;4.16&#8243; global_colors_info=&#8221;{}&#8221;][et_pb_image src=&#8221;https:\/\/kevatturnaus.fi\/wp-content\/uploads\/2022\/10\/IMG_6507.jpg&#8221; title_text=&#8221;IMG_6507&#8243; _builder_version=&#8221;4.19.5&#8243; global_colors_info=&#8221;{}&#8221;][\/et_pb_image][\/et_pb_column][et_pb_column type=&#8221;1_4&#8243; _builder_version=&#8221;4.16&#8243; global_colors_info=&#8221;{}&#8221;][et_pb_image src=&#8221;https:\/\/kevatturnaus.fi\/wp-content\/uploads\/2022\/10\/IMG_6511.jpg&#8221; title_text=&#8221;IMG_6511&#8243; _builder_version=&#8221;4.19.5&#8243; global_colors_info=&#8221;{}&#8221;][\/et_pb_image][\/et_pb_column][et_pb_column type=&#8221;1_4&#8243; _builder_version=&#8221;4.16&#8243; global_colors_info=&#8221;{}&#8221;][et_pb_image src=&#8221;https:\/\/kevatturnaus.fi\/wp-content\/uploads\/2022\/10\/IMG_6514.jpg&#8221; title_text=&#8221;IMG_6514&#8243; _builder_version=&#8221;4.19.5&#8243; global_colors_info=&#8221;{}&#8221;][\/et_pb_image][\/et_pb_column][\/et_pb_row][et_pb_row _builder_version=&#8221;4.16&#8243; global_colors_info=&#8221;{}&#8221;][et_pb_column type=&#8221;4_4&#8243; _builder_version=&#8221;4.16&#8243; global_colors_info=&#8221;{}&#8221;][et_pb_text _builder_version=&#8221;4.16&#8243; background_layout=&#8221;dark&#8221; global_colors_info=&#8221;{}&#8221;]<\/p>\n<h2>Yhteystiedot \/ Ottelutapahtumat<\/h2>\n<p>K\u00e4pyl\u00e4 United : Timo Maakannas : timo@kapylaunited.fi \/ 0407319490<\/p>\n<p><a href=\"https:\/\/kevatturnaus.fi\/helsinki-spring-cup\/\">In English<\/a><\/p>\n<p>[\/et_pb_text][\/et_pb_column][\/et_pb_row][\/et_pb_section]<\/p>\n","protected":false},"excerpt":{"rendered":"<p>Karttakuvaa klikkaamalla kent\u00e4n Google Maps &#8211; karttaanM\u00e4kel\u00e4nkatu 7200610 Helsinki &nbsp;Pallokuja 4 00980 Helsinki Tapulin tekonurmi Parmaajantie 3, 00750 Helsinki Puistolan tekonurmi Karjuniitynkuja 3 ja\/ tai Koudantie 4 \/ \u00a000760 Helsinki\u00a0 &nbsp; Mosan Webmbley (Tapanila) Moisiontie 1, 00730 Helsinki\u00a0K\u00e4skynhaltijantie 1100640 Helsinki (numeroitu kentt\u00e4 MustaPekka ja taaempi PikkuPekka jossa sama numerointi) &nbsp;Myllytontunpolku 100920 Helsinki &nbsp;Purotie 8 00380 [&hellip;]<\/p>\n","protected":false},"author":1,"featured_media":0,"parent":0,"menu_order":0,"comment_status":"closed","ping_status":"closed","template":"","meta":{"_et_pb_use_builder":"on","_et_pb_old_content":"","_et_gb_content_width":"","footnotes":""},"class_list":["post-172","page","type-page","status-publish","hentry"],"_links":{"self":[{"href":"https:\/\/kevatturnaus.fi\/index.php?rest_route=\/wp\/v2\/pages\/172","targetHints":{"allow":["GET"]}}],"collection":[{"href":"https:\/\/kevatturnaus.fi\/index.php?rest_route=\/wp\/v2\/pages"}],"about":[{"href":"https:\/\/kevatturnaus.fi\/index.php?rest_route=\/wp\/v2\/types\/page"}],"author":[{"embeddable":true,"href":"https:\/\/kevatturnaus.fi\/index.php?rest_route=\/wp\/v2\/users\/1"}],"replies":[{"embeddable":true,"href":"https:\/\/kevatturnaus.fi\/index.php?rest_route=%2Fwp%2Fv2%2Fcomments&post=172"}],"version-history":[{"count":62,"href":"https:\/\/kevatturnaus.fi\/index.php?rest_route=\/wp\/v2\/pages\/172\/revisions"}],"predecessor-version":[{"id":2816,"href":"https:\/\/kevatturnaus.fi\/index.php?rest_route=\/wp\/v2\/pages\/172\/revisions\/2816"}],"wp:attachment":[{"href":"https:\/\/kevatturnaus.fi\/index.php?rest_route=%2Fwp%2Fv2%2Fmedia&parent=172"}],"curies":[{"name":"wp","href":"https:\/\/api.w.org\/{rel}","templated":true}]}}