{"id":21,"date":"2019-08-15T19:44:35","date_gmt":"2019-08-15T19:44:35","guid":{"rendered":"https:\/\/kevatturnaus.fi\/?page_id=21"},"modified":"2026-03-27T17:49:56","modified_gmt":"2026-03-27T17:49:56","slug":"21-2","status":"publish","type":"page","link":"https:\/\/kevatturnaus.fi\/","title":{"rendered":"Kev\u00e4tturnaus"},"content":{"rendered":"<p>[et_pb_section fb_built=&#8221;1&#8243; fullwidth=&#8221;on&#8221; _builder_version=&#8221;4.19.5&#8243; background_color=&#8221;#ffffff&#8221; background_image=&#8221;https:\/\/kevatturnaus.fi\/wp-content\/uploads\/2023\/02\/KT-hero.jpg&#8221; bottom_divider_style=&#8221;curve2&#8243; bottom_divider_color=&#8221;#ffffff&#8221; bottom_divider_height=&#8221;70px&#8221; bottom_divider_height_tablet=&#8221;20px&#8221; bottom_divider_height_phone=&#8221;20px&#8221; bottom_divider_height_last_edited=&#8221;on|desktop&#8221; global_colors_info=&#8221;{}&#8221;][et_pb_fullwidth_slider _builder_version=&#8221;4.27.6&#8243; background_color=&#8221;rgba(0,0,0,0)&#8221; background_image=&#8221;https:\/\/kevatturnaus.fi\/wp-content\/uploads\/2023\/02\/KT-hero-1.jpg&#8221; custom_button=&#8221;on&#8221; button_text_color=&#8221;#000000&#8243; hover_enabled=&#8221;0&#8243; global_colors_info=&#8221;{}&#8221; sticky_enabled=&#8221;0&#8243;][et_pb_slide button_text=&#8221;OTTELUOHJELMA&#8221; button_link=&#8221;https:\/\/kevatturnaus.fi\/?page_id=61&#8243; _builder_version=&#8221;4.27.6&#8243; hover_enabled=&#8221;0&#8243; text_shadow_style=&#8221;preset2&#8243; text_shadow_color=&#8221;#000000&#8243; global_colors_info=&#8221;{}&#8221; sticky_transition=&#8221;on&#8221; sticky_enabled=&#8221;0&#8243;]<\/p>\n<p>&nbsp;<\/p>\n<h1><img loading=\"lazy\" decoding=\"async\" src=\"https:\/\/kevatturnaus.fi\/wp-content\/uploads\/2022\/10\/cropped-0.png\" width=\"421\" height=\"421\" alt=\"\" class=\"wp-image-975 alignnone size-full\" style=\"display: block; margin-left: auto; margin-right: auto;\" \/><\/h1>\n<h1 style=\"text-align: center;\"><strong><\/strong><\/h1>\n<p>&nbsp;<\/p>\n<p><strong><\/strong><\/p>\n<h1 style=\"text-align: center;\"><strong>Helsingin Kev\u00e4tturnaus ilmoittautuminen\/ \u00a0Helsinki Spring Cup \u00a0<\/strong><\/h1>\n<h1 style=\"text-align: center;\"><strong>16.5. &amp; 17.5.2026<\/strong><\/h1>\n<p>&nbsp;<\/p>\n<p>&nbsp;<\/p>\n<a href='https:\/\/kevatturnaus.fi\/?page_id=92' class='small-button smallblue'>SARJAT 2026<\/a>\n<a href='https:\/\/docs.google.com\/forms\/d\/e\/1FAIpQLSfMqY7PCAdynrj7dQelJr9qgHNXE93Ax--Il_gt2ZdXnVNzMA\/viewform' class='small-button smallgreen'>ILMOITTAUTUMINEN &#8211; MUUTAMA VAPAA PAIKKA VIEL\u00c4 AVOINNA<\/a>\n<a href='https:\/\/www.instagram.com\/kevatturnaus' class='small-button smallorange'>INSTAGRAM @kevatturnaus<\/a>\n<a href='https:\/\/www.syysturnaus.fi' class='small-button smallred'>SYYSTURNAUS<\/a>\n<p>&nbsp;<\/p>\n<p>&nbsp;<\/p>\n<h2 style=\"text-align: center;\"><strong style=\"font-size: 22px;\"><em><\/em><\/strong><\/h2>\n<h2 style=\"text-align: center;\"><strong style=\"font-size: 22px;\"><em><\/em><\/strong><\/h2>\n<h2 style=\"text-align: center;\"><strong style=\"font-size: 22px;\"><em>2025 mukana oli yli 400 joukkuetta &#8211; tervetuloa mukaan 2026 turnaukseen <\/em><\/strong><strong style=\"font-size: 22px;\"><em>!<\/em><\/strong><\/h2>\n<p style=\"text-align: center;\"><strong><em><\/em><\/strong><\/p>\n<h2 style=\"text-align: center;\">Kes\u00e4kauden 2026 starttaa j\u00e4lleen Helsingin Kev\u00e4tturnaus, jossa perinteiset turnausj\u00e4rjest\u00e4j\u00e4t K\u00e4pyl\u00e4 United sek\u00e4 Helsingin Talviliiga j\u00e4rjestiv\u00e4t toimivan ja edullisen lasten ja nuorten jalkapalloturnauksen pojille ja tyt\u00f6ille.<\/h2>\n<p>&nbsp;<\/p>\n<p>&nbsp;<\/p>\n<h2 style=\"text-align: center;\">Pelaamme toukokuussa 2025 tekonurmikentill\u00e4 K\u00e4pyl\u00e4ss\u00e4, Oulunkyl\u00e4ss\u00e4, Talissa, Lassilassa, Puistolassa, Myllypurossa, Tapanilassa, Tapulissa ja Vuosaaressa. Jokaisella joukkueella oli yhden p\u00e4iv\u00e4n aikana (joko lauantai tai sunnuntai) 4-5 ottelua.<\/h2>\n<h4 style=\"text-align: center;\"><\/h4>\n<p>[\/et_pb_slide][\/et_pb_fullwidth_slider][\/et_pb_section][et_pb_section fb_built=&#8221;1&#8243; fullwidth=&#8221;on&#8221; _builder_version=&#8221;4.16&#8243; background_color=&#8221;#0f1a37&#8243; bottom_divider_color=&#8221;#0f1a37&#8243; bottom_divider_height=&#8221;70px&#8221; saved_tabs=&#8221;all&#8221; global_colors_info=&#8221;{}&#8221;][et_pb_fullwidth_code disabled_on=&#8221;on|on|off&#8221; _builder_version=&#8221;4.16&#8243; global_colors_info=&#8221;{}&#8221;]<a href=\"https:\/\/docs.google.com\/forms\/d\/e\/1FAIpQLSfMqY7PCAdynrj7dQelJr9qgHNXE93Ax--Il_gt2ZdXnVNzMA\/viewform\"><img decoding=\"async\" src=\"https:\/\/kevatturnaus.fi\/wp-content\/uploads\/2019\/08\/ilmoittautuminen_banneri.jpg\"><\/a>[\/et_pb_fullwidth_code][\/et_pb_section][et_pb_section fb_built=&#8221;1&#8243; _builder_version=&#8221;4.16&#8243; custom_margin=&#8221;-10px||||false|false&#8221; global_colors_info=&#8221;{}&#8221;][et_pb_row column_structure=&#8221;1_2,1_2&#8243; _builder_version=&#8221;4.16&#8243; width=&#8221;100%&#8221; max_width=&#8221;1800px&#8221; global_colors_info=&#8221;{}&#8221;][et_pb_column type=&#8221;1_2&#8243; _builder_version=&#8221;4.16&#8243; global_colors_info=&#8221;{}&#8221;][et_pb_code _builder_version=&#8221;4.25.0&#8243; global_colors_info=&#8221;{}&#8221;]<a href=\"https:\/\/kevatturnaus.fi\/?page_id=172\/\"><img decoding=\"async\" src=\"https:\/\/kevatturnaus.fi\/wp-content\/uploads\/2019\/08\/kentat_mv.jpg\" alt=\"Kev\u00e4tliiga_kent\u00e4t\" onmouseover=\"this.src='https:\/\/kevatturnaus.fi\/wp-content\/uploads\/2019\/08\/kentat_vari.jpg';\" onmouseout=\"this.src='https:\/\/kevatturnaus.fi\/wp-content\/uploads\/2019\/08\/kentat_mv.jpg';\"\/><\/a>[\/et_pb_code][et_pb_code _builder_version=&#8221;4.25.0&#8243; global_colors_info=&#8221;{}&#8221;]<a href=\"https:\/\/kevatturnaus.fi\/?page_id=92\"><img decoding=\"async\" src=\"https:\/\/kevatturnaus.fi\/wp-content\/uploads\/2019\/08\/sarjat_mv.jpg\" alt=\"Kev\u00e4tliiga_sarjat\" onmouseover=\"this.src='https:\/\/kevatturnaus.fi\/wp-content\/uploads\/2019\/08\/sarjat_vari.jpg';\" onmouseout=\"this.src='https:\/\/kevatturnaus.fi\/wp-content\/uploads\/2019\/08\/sarjat_mv.jpg';\"\/><\/a>[\/et_pb_code][\/et_pb_column][et_pb_column type=&#8221;1_2&#8243; _builder_version=&#8221;4.16&#8243; global_colors_info=&#8221;{}&#8221;][et_pb_code _builder_version=&#8221;4.25.0&#8243; global_colors_info=&#8221;{}&#8221;]<a href=\"https:\/\/kevatturnaus.fi\/?page_id=61\/\"><img decoding=\"async\" src=\"https:\/\/kevatturnaus.fi\/wp-content\/uploads\/2019\/08\/ohjelma_mv.jpg\" alt=\"Kev\u00e4tliiga_ohjelma\" onmouseover=\"this.src='https:\/\/kevatturnaus.fi\/wp-content\/uploads\/2019\/08\/ohjelma_vari.jpg';\" onmouseout=\"this.src='https:\/\/kevatturnaus.fi\/wp-content\/uploads\/2019\/08\/ohjelma_mv.jpg';\"\/><\/a>[\/et_pb_code][et_pb_code _builder_version=&#8221;4.25.0&#8243; global_colors_info=&#8221;{}&#8221;]<a href=\"https:\/\/kevatturnaus.fi\/?page_id=121\"><img decoding=\"async\" src=\"https:\/\/kevatturnaus.fi\/wp-content\/uploads\/2019\/08\/s\u00e4\u00e4nn\u00f6t_mv.jpg\" alt=\"Kev\u00e4tliiga_s\u00e4\u00e4nn\u00f6t\" onmouseover=\"this.src='https:\/\/kevatturnaus.fi\/wp-content\/uploads\/2019\/08\/s\u00e4\u00e4nn\u00f6t_vari.jpg';\" onmouseout=\"this.src='https:\/\/kevatturnaus.fi\/wp-content\/uploads\/2019\/08\/s\u00e4\u00e4nn\u00f6t_mv.jpg';\"\/><\/a>[\/et_pb_code][\/et_pb_column][\/et_pb_row][\/et_pb_section][et_pb_section fb_built=&#8221;1&#8243; fullwidth=&#8221;on&#8221; _builder_version=&#8221;3.27&#8243; background_color=&#8221;#0f1a37&#8243; bottom_divider_style=&#8221;curve2&#8243; bottom_divider_color=&#8221;#0f1a37&#8243; bottom_divider_height=&#8221;70px&#8221; bottom_divider_height_tablet=&#8221;20px&#8221; bottom_divider_height_phone=&#8221;20px&#8221; bottom_divider_height_last_edited=&#8221;on|desktop&#8221; global_module=&#8221;52&#8243; saved_tabs=&#8221;all&#8221; global_colors_info=&#8221;{}&#8221;][\/et_pb_section][et_pb_section fb_built=&#8221;1&#8243; _builder_version=&#8221;3.27&#8243; background_color=&#8221;#0f1a37&#8243; custom_margin=&#8221;-10px||||false|false&#8221; global_module=&#8221;53&#8243; saved_tabs=&#8221;all&#8221; global_colors_info=&#8221;{}&#8221;][et_pb_row _builder_version=&#8221;4.16&#8243; global_colors_info=&#8221;{}&#8221;][et_pb_column type=&#8221;4_4&#8243; _builder_version=&#8221;4.16&#8243; global_colors_info=&#8221;{}&#8221;][et_pb_image src=&#8221;https:\/\/kevatturnaus.fi\/wp-content\/uploads\/2019\/08\/CreatureAD_banneri.png&#8221; url=&#8221;https:\/\/creaturead.fi\/&#8221; url_new_window=&#8221;on&#8221; align=&#8221;center&#8221; _builder_version=&#8221;4.16&#8243; width=&#8221;45%&#8221; width_tablet=&#8221;80%&#8221; width_phone=&#8221;80%&#8221; width_last_edited=&#8221;on|desktop&#8221; global_colors_info=&#8221;{}&#8221;][\/et_pb_image][\/et_pb_column][\/et_pb_row][et_pb_row column_structure=&#8221;1_4,1_4,1_4,1_4&#8243; _builder_version=&#8221;4.16&#8243; global_colors_info=&#8221;{}&#8221;][et_pb_column type=&#8221;1_4&#8243; _builder_version=&#8221;4.25.0&#8243; _module_preset=&#8221;default&#8221; global_colors_info=&#8221;{}&#8221;][et_pb_text content_last_edited=&#8221;off|desktop&#8221; _builder_version=&#8221;4.22.1&#8243; global_colors_info=&#8221;{}&#8221; content__hover_enabled=&#8221;off|desktop&#8221;][\/et_pb_text][\/et_pb_column][et_pb_column type=&#8221;1_4&#8243; _builder_version=&#8221;4.16&#8243; global_colors_info=&#8221;{}&#8221;][et_pb_image src=&#8221;https:\/\/kevatturnaus.fi\/wp-content\/uploads\/2022\/10\/IMG_6507.jpg&#8221; title_text=&#8221;IMG_6507&#8243; _builder_version=&#8221;4.19.5&#8243; global_colors_info=&#8221;{}&#8221;][\/et_pb_image][\/et_pb_column][et_pb_column type=&#8221;1_4&#8243; _builder_version=&#8221;4.16&#8243; global_colors_info=&#8221;{}&#8221;][et_pb_image src=&#8221;https:\/\/kevatturnaus.fi\/wp-content\/uploads\/2022\/10\/IMG_6511.jpg&#8221; title_text=&#8221;IMG_6511&#8243; _builder_version=&#8221;4.19.5&#8243; global_colors_info=&#8221;{}&#8221;][\/et_pb_image][\/et_pb_column][et_pb_column type=&#8221;1_4&#8243; _builder_version=&#8221;4.16&#8243; global_colors_info=&#8221;{}&#8221;][et_pb_image src=&#8221;https:\/\/kevatturnaus.fi\/wp-content\/uploads\/2022\/10\/IMG_6514.jpg&#8221; title_text=&#8221;IMG_6514&#8243; _builder_version=&#8221;4.19.5&#8243; global_colors_info=&#8221;{}&#8221;][\/et_pb_image][\/et_pb_column][\/et_pb_row][et_pb_row _builder_version=&#8221;4.16&#8243; global_colors_info=&#8221;{}&#8221;][et_pb_column type=&#8221;4_4&#8243; _builder_version=&#8221;4.16&#8243; global_colors_info=&#8221;{}&#8221;][et_pb_text _builder_version=&#8221;4.16&#8243; background_layout=&#8221;dark&#8221; global_colors_info=&#8221;{}&#8221;]<\/p>\n<h2>Yhteystiedot \/ Ottelutapahtumat<\/h2>\n<p>K\u00e4pyl\u00e4 United : Timo Maakannas : timo@kapylaunited.fi \/ 0407319490<\/p>\n<p><a href=\"https:\/\/kevatturnaus.fi\/helsinki-spring-cup\/\">In English<\/a><\/p>\n<p>[\/et_pb_text][\/et_pb_column][\/et_pb_row][\/et_pb_section]<\/p>\n","protected":false},"excerpt":{"rendered":"<p>&nbsp; &nbsp; Helsingin Kev\u00e4tturnaus ilmoittautuminen\/ \u00a0Helsinki Spring Cup \u00a0 16.5. &amp; 17.5.2026 &nbsp; &nbsp; <a href='https:\/\/kevatturnaus.fi\/?page_id=92' class='small-button smallblue'>SARJAT 2026<\/a> <a href='https:\/\/docs.google.com\/forms\/d\/e\/1FAIpQLSfMqY7PCAdynrj7dQelJr9qgHNXE93Ax--Il_gt2ZdXnVNzMA\/viewform' class='small-button smallgreen'>ILMOITTAUTUMINEN &#8211; MUUTAMA VAPAA PAIKKA VIEL\u00c4 AVOINNA<\/a> <a href='https:\/\/www.instagram.com\/kevatturnaus' class='small-button smallorange'>INSTAGRAM @kevatturnaus<\/a> <a href='https:\/\/www.syysturnaus.fi' class='small-button smallred'>SYYSTURNAUS<\/a> &nbsp; &nbsp; 2025 mukana oli yli 400 joukkuetta &#8211; tervetuloa mukaan 2026 turnaukseen ! [&hellip;]<\/p>\n","protected":false},"author":1,"featured_media":0,"parent":0,"menu_order":0,"comment_status":"closed","ping_status":"closed","template":"","meta":{"_et_pb_use_builder":"on","_et_pb_old_content":"","_et_gb_content_width":"","footnotes":""},"class_list":["post-21","page","type-page","status-publish","hentry"],"_links":{"self":[{"href":"https:\/\/kevatturnaus.fi\/index.php?rest_route=\/wp\/v2\/pages\/21","targetHints":{"allow":["GET"]}}],"collection":[{"href":"https:\/\/kevatturnaus.fi\/index.php?rest_route=\/wp\/v2\/pages"}],"about":[{"href":"https:\/\/kevatturnaus.fi\/index.php?rest_route=\/wp\/v2\/types\/page"}],"author":[{"embeddable":true,"href":"https:\/\/kevatturnaus.fi\/index.php?rest_route=\/wp\/v2\/users\/1"}],"replies":[{"embeddable":true,"href":"https:\/\/kevatturnaus.fi\/index.php?rest_route=%2Fwp%2Fv2%2Fcomments&post=21"}],"version-history":[{"count":158,"href":"https:\/\/kevatturnaus.fi\/index.php?rest_route=\/wp\/v2\/pages\/21\/revisions"}],"predecessor-version":[{"id":3077,"href":"https:\/\/kevatturnaus.fi\/index.php?rest_route=\/wp\/v2\/pages\/21\/revisions\/3077"}],"wp:attachment":[{"href":"https:\/\/kevatturnaus.fi\/index.php?rest_route=%2Fwp%2Fv2%2Fmedia&parent=21"}],"curies":[{"name":"wp","href":"https:\/\/api.w.org\/{rel}","templated":true}]}}