{"id":92,"date":"2019-08-16T12:32:13","date_gmt":"2019-08-16T12:32:13","guid":{"rendered":"https:\/\/kevatturnaus.fi\/?page_id=92"},"modified":"2025-12-08T10:32:18","modified_gmt":"2025-12-08T10:32:18","slug":"sarjat","status":"publish","type":"page","link":"https:\/\/kevatturnaus.fi\/?page_id=92","title":{"rendered":"Sarjat"},"content":{"rendered":"<p>[et_pb_section fb_built=&#8221;1&#8243; fullwidth=&#8221;on&#8221; _builder_version=&#8221;4.16&#8243; global_colors_info=&#8221;{}&#8221;][et_pb_fullwidth_code _builder_version=&#8221;4.16&#8243; global_colors_info=&#8221;{}&#8221;]<img decoding=\"async\" src=\"https:\/\/kevatturnaus.fi\/wp-content\/uploads\/2019\/08\/sarjat_banneri.jpg\">[\/et_pb_fullwidth_code][\/et_pb_section][et_pb_section fb_built=&#8221;1&#8243; _builder_version=&#8221;4.16&#8243; global_colors_info=&#8221;{}&#8221;][et_pb_row _builder_version=&#8221;4.16&#8243; global_colors_info=&#8221;{}&#8221;][et_pb_column type=&#8221;4_4&#8243; _builder_version=&#8221;4.16&#8243; global_colors_info=&#8221;{}&#8221;][et_pb_text _builder_version=&#8221;4.23&#8243; global_colors_info=&#8221;{}&#8221;]<\/p>\n<h2 style=\"text-align: center;\"><\/h2>\n<h2 style=\"text-align: center;\"><\/h2>\n<h2 style=\"text-align: center;\"><strong><\/strong><\/h2>\n<h2 style=\"text-align: center;\"><strong>Osallistumismaksut<\/strong><strong> 2026<\/strong><\/h2>\n<h3><\/h3>\n<h3 style=\"text-align: center;\"><strong>\u00a0<\/strong><\/h3>\n<h3 style=\"text-align: center;\"><strong style=\"font-size: 22px;\">\u00a08v8 ja 7v7 Eliittisarjat:<\/strong><\/h3>\n<h3 style=\"text-align: center;\"><span style=\"font-size: small;\"><strong>179\u20ac\u00a0<\/strong><\/span><\/h3>\n<p style=\"text-align: center;\"><strong style=\"font-size: x-large;\">8v8 Kilpa-, haaste- ja harrastesarjat:<\/strong><br \/><strong style=\"font-size: x-large;\"><\/strong><\/p>\n<p style=\"text-align: center;\"><strong><\/strong><\/p>\n<p style=\"text-align: center;\">1 joukkue \/ 2 joukkuetta\/ 3 joukkuetta \/ 4 joukkuetta samasta seurasta samaan ik\u00e4luokkaan<br \/>149\u20ac \/ 279\u20ac \/ 389\u20ac \/ 499\u20ac<\/p>\n<p style=\"text-align: center;\"><strong style=\"font-size: x-large;\">5v5 sarjat:<\/strong><\/p>\n<p style=\"text-align: center;\">1 joukkue \/ 2 joukkuetta\/ 3 joukkuetta \/ 4 joukkuetta samasta seurasta samaan ik\u00e4luokkaan<br \/>109\u20ac \/ 209\u20ac \/ 299\u20ac \/ 379\u20ac<\/p>\n<p>&nbsp;<\/p>\n<h2 style=\"text-align: center;\"><strong>Sarjat 2026 turnauksessa<\/strong><\/h2>\n<p style=\"text-align: center;\">Jokaisessa sarjassa 4-5 peli\u00e4 yhdess\u00e4 p\u00e4iv\u00e4ss\u00e4<\/p>\n<div class=\"et_pb_text_inner\">\n<div class=\"et_pb_text_inner\" style=\"text-align: center;\">\n<h2><strong>Lauantaina 16.5.2026 pelataan sarjat<\/strong><\/h2>\n<p><strong><\/strong><\/p>\n<p><strong><\/strong><\/p>\n<\/div>\n<h6 style=\"text-align: center;\"><strong>POJAT<\/strong> :<\/h6>\n<p>&nbsp;<\/p>\n<h6 style=\"text-align: center;\"><strong>P2013 Eliitti\/kilpa- ja haastesarjat<\/strong><\/h6>\n<h6 style=\"text-align: center;\"><strong>P2014 Eliitti- ja haastesarjat<\/strong><\/h6>\n<h6 style=\"text-align: center;\"><strong>P2015 Eliitti- ja haastesarjat<\/strong><\/h6>\n<h6 style=\"text-align: center;\"><strong>P2016 Eliitti- ja haastesarjat<\/strong><\/h6>\n<h6 style=\"text-align: center;\"><strong>P2017 Eliittisarja 7v7<\/strong><\/h6>\n<h6 style=\"text-align: center;\"><strong>P2018 Eliitti- ja haastesarjat<\/strong><\/h6>\n<h6 style=\"text-align: center;\"><strong>P2019 ja 2020 Sarjat<\/strong><\/h6>\n<p>&nbsp;<\/p>\n<h6 style=\"text-align: center;\"><strong>TYT\u00d6T :<\/strong><\/h6>\n<h6 style=\"text-align: center;\"><strong>\u00a0T2013-14 Kilpa- ja haaste<\/strong><strong><\/strong><\/h6>\n<h6 style=\"text-align: center;\"><strong>\u00a0T2015 ja T2016 sarjat<\/strong><\/h6>\n<p><strong><\/strong><\/p>\n<p>&nbsp;<\/p>\n<h2><\/h2>\n<h2 style=\"text-align: center;\"><strong>Sunnuntaina 17.5.2026 pelataan sarjat<\/strong><\/h2>\n<p><strong><\/strong><\/p>\n<p><strong><\/strong><\/p>\n<div class=\"et_pb_text_inner\">\n<h6 style=\"text-align: center;\"><strong>POJAT<\/strong> :<\/h6>\n<h6 style=\"text-align: center;\"><strong>P2013 Harrastesarja<\/strong><\/h6>\n<h6 style=\"text-align: center;\"><strong>P2014 Kilpa- ja harrastesarjat<\/strong><\/h6>\n<h6 style=\"text-align: center;\"><strong>P2015 Kilpa- ja harrastesarjat<\/strong><\/h6>\n<h6 style=\"text-align: center;\"><strong>P2016 Kilpa-, ja harrastesarjat\u00a0<\/strong><\/h6>\n<h6 style=\"text-align: center;\"><strong>P2017 Kilpa-, Haaste- ja harrastesarjat<\/strong><\/h6>\n<h6 style=\"text-align: center;\"><strong>P2018 Kilpa- ja harrastesarjat<\/strong><\/h6>\n<p><strong><\/strong><\/p>\n<h6 style=\"text-align: center;\"><strong>TYT\u00d6T :<\/strong><\/h6>\n<h6 style=\"text-align: center;\"><strong>\u00a0T2012-13 Harraste<\/strong><\/h6>\n<h6 style=\"text-align: center;\"><strong>T2017-18 sarjat<\/strong><\/h6>\n<p>&nbsp;<\/p>\n<h2 style=\"text-align: center;\">***<\/h2>\n<\/div>\n<\/div>\n<div class=\"et_pb_text_inner\"><\/div>\n<h5><\/h5>\n<h5 style=\"text-align: center;\"><strong>8v8- ja 7v7 sarjat :\u00a0<\/strong><\/h5>\n<p style=\"text-align: center;\"><em>Kolme parasta joukkuetta joka sarjassa palkitaan mitalein (15kpl joukkue).<\/em><\/p>\n<p style=\"text-align: center;\"><em>Voittajajoukkuelle Kev\u00e4tturnaus 2024 turnauspokaali!<\/em><\/p>\n<h5 style=\"text-align: center;\"><strong>5v5 sarjat :<\/strong><\/h5>\n<p style=\"text-align: center;\"><em>Jokainen pelaaja palkitaan turnausmitalilla (9kpl joukkue).<\/em><\/p>\n<p style=\"text-align: center;\"><em><\/em><\/p>\n<h2 style=\"text-align: center;\"><strong><img loading=\"lazy\" decoding=\"async\" src=\"https:\/\/kevatturnaus.fi\/wp-content\/uploads\/2023\/05\/IMG_4063.jpg\" width=\"2032\" height=\"1325\" alt=\"\" class=\"wp-image-1846 alignnone size-full\" srcset=\"https:\/\/kevatturnaus.fi\/wp-content\/uploads\/2023\/05\/IMG_4063.jpg 2032w, https:\/\/kevatturnaus.fi\/wp-content\/uploads\/2023\/05\/IMG_4063-1280x835.jpg 1280w, https:\/\/kevatturnaus.fi\/wp-content\/uploads\/2023\/05\/IMG_4063-980x639.jpg 980w, https:\/\/kevatturnaus.fi\/wp-content\/uploads\/2023\/05\/IMG_4063-480x313.jpg 480w\" sizes=\"(min-width: 0px) and (max-width: 480px) 480px, (min-width: 481px) and (max-width: 980px) 980px, (min-width: 981px) and (max-width: 1280px) 1280px, (min-width: 1281px) 2032px, 100vw\" \/><\/strong><\/h2>\n<p>[\/et_pb_text][\/et_pb_column][\/et_pb_row][\/et_pb_section][et_pb_section fb_built=&#8221;1&#8243; fullwidth=&#8221;on&#8221; _builder_version=&#8221;3.27&#8243; background_color=&#8221;#0f1a37&#8243; bottom_divider_style=&#8221;curve2&#8243; bottom_divider_color=&#8221;#0f1a37&#8243; bottom_divider_height=&#8221;70px&#8221; bottom_divider_height_tablet=&#8221;20px&#8221; bottom_divider_height_phone=&#8221;20px&#8221; bottom_divider_height_last_edited=&#8221;on|desktop&#8221; global_module=&#8221;52&#8243; saved_tabs=&#8221;all&#8221; global_colors_info=&#8221;{}&#8221;][\/et_pb_section][et_pb_section fb_built=&#8221;1&#8243; _builder_version=&#8221;3.27&#8243; background_color=&#8221;#0f1a37&#8243; custom_margin=&#8221;-10px||||false|false&#8221; global_module=&#8221;53&#8243; saved_tabs=&#8221;all&#8221; global_colors_info=&#8221;{}&#8221;][et_pb_row _builder_version=&#8221;4.16&#8243; global_colors_info=&#8221;{}&#8221;][et_pb_column type=&#8221;4_4&#8243; _builder_version=&#8221;4.16&#8243; global_colors_info=&#8221;{}&#8221;][et_pb_image src=&#8221;https:\/\/kevatturnaus.fi\/wp-content\/uploads\/2019\/08\/CreatureAD_banneri.png&#8221; url=&#8221;https:\/\/creaturead.fi\/&#8221; url_new_window=&#8221;on&#8221; align=&#8221;center&#8221; _builder_version=&#8221;4.16&#8243; width=&#8221;45%&#8221; width_tablet=&#8221;80%&#8221; width_phone=&#8221;80%&#8221; width_last_edited=&#8221;on|desktop&#8221; global_colors_info=&#8221;{}&#8221;][\/et_pb_image][\/et_pb_column][\/et_pb_row][et_pb_row column_structure=&#8221;1_4,1_4,1_4,1_4&#8243; _builder_version=&#8221;4.16&#8243; global_colors_info=&#8221;{}&#8221;][et_pb_column type=&#8221;1_4&#8243; _builder_version=&#8221;4.25.0&#8243; _module_preset=&#8221;default&#8221; global_colors_info=&#8221;{}&#8221;][et_pb_text content_last_edited=&#8221;off|desktop&#8221; _builder_version=&#8221;4.22.1&#8243; global_colors_info=&#8221;{}&#8221; content__hover_enabled=&#8221;off|desktop&#8221;][\/et_pb_text][\/et_pb_column][et_pb_column type=&#8221;1_4&#8243; _builder_version=&#8221;4.16&#8243; global_colors_info=&#8221;{}&#8221;][et_pb_image src=&#8221;https:\/\/kevatturnaus.fi\/wp-content\/uploads\/2022\/10\/IMG_6507.jpg&#8221; title_text=&#8221;IMG_6507&#8243; _builder_version=&#8221;4.19.5&#8243; global_colors_info=&#8221;{}&#8221;][\/et_pb_image][\/et_pb_column][et_pb_column type=&#8221;1_4&#8243; _builder_version=&#8221;4.16&#8243; global_colors_info=&#8221;{}&#8221;][et_pb_image src=&#8221;https:\/\/kevatturnaus.fi\/wp-content\/uploads\/2022\/10\/IMG_6511.jpg&#8221; title_text=&#8221;IMG_6511&#8243; _builder_version=&#8221;4.19.5&#8243; global_colors_info=&#8221;{}&#8221;][\/et_pb_image][\/et_pb_column][et_pb_column type=&#8221;1_4&#8243; _builder_version=&#8221;4.16&#8243; global_colors_info=&#8221;{}&#8221;][et_pb_image src=&#8221;https:\/\/kevatturnaus.fi\/wp-content\/uploads\/2022\/10\/IMG_6514.jpg&#8221; title_text=&#8221;IMG_6514&#8243; _builder_version=&#8221;4.19.5&#8243; global_colors_info=&#8221;{}&#8221;][\/et_pb_image][\/et_pb_column][\/et_pb_row][et_pb_row _builder_version=&#8221;4.16&#8243; global_colors_info=&#8221;{}&#8221;][et_pb_column type=&#8221;4_4&#8243; _builder_version=&#8221;4.16&#8243; global_colors_info=&#8221;{}&#8221;][et_pb_text _builder_version=&#8221;4.16&#8243; background_layout=&#8221;dark&#8221; global_colors_info=&#8221;{}&#8221;]<\/p>\n<h2>Yhteystiedot \/ Ottelutapahtumat<\/h2>\n<p>K\u00e4pyl\u00e4 United : Timo Maakannas : timo@kapylaunited.fi \/ 0407319490<\/p>\n<p><a href=\"https:\/\/kevatturnaus.fi\/helsinki-spring-cup\/\">In English<\/a><\/p>\n<p>[\/et_pb_text][\/et_pb_column][\/et_pb_row][\/et_pb_section]<\/p>\n","protected":false},"excerpt":{"rendered":"<p>Osallistumismaksut 2026 \u00a0 \u00a08v8 ja 7v7 Eliittisarjat: 179\u20ac\u00a0 8v8 Kilpa-, haaste- ja harrastesarjat: 1 joukkue \/ 2 joukkuetta\/ 3 joukkuetta \/ 4 joukkuetta samasta seurasta samaan ik\u00e4luokkaan149\u20ac \/ 279\u20ac \/ 389\u20ac \/ 499\u20ac 5v5 sarjat: 1 joukkue \/ 2 joukkuetta\/ 3 joukkuetta \/ 4 joukkuetta samasta seurasta samaan ik\u00e4luokkaan109\u20ac \/ 209\u20ac \/ 299\u20ac \/ 379\u20ac [&hellip;]<\/p>\n","protected":false},"author":1,"featured_media":0,"parent":0,"menu_order":0,"comment_status":"closed","ping_status":"closed","template":"","meta":{"_et_pb_use_builder":"on","_et_pb_old_content":"","_et_gb_content_width":"","footnotes":""},"class_list":["post-92","page","type-page","status-publish","hentry"],"_links":{"self":[{"href":"https:\/\/kevatturnaus.fi\/index.php?rest_route=\/wp\/v2\/pages\/92","targetHints":{"allow":["GET"]}}],"collection":[{"href":"https:\/\/kevatturnaus.fi\/index.php?rest_route=\/wp\/v2\/pages"}],"about":[{"href":"https:\/\/kevatturnaus.fi\/index.php?rest_route=\/wp\/v2\/types\/page"}],"author":[{"embeddable":true,"href":"https:\/\/kevatturnaus.fi\/index.php?rest_route=\/wp\/v2\/users\/1"}],"replies":[{"embeddable":true,"href":"https:\/\/kevatturnaus.fi\/index.php?rest_route=%2Fwp%2Fv2%2Fcomments&post=92"}],"version-history":[{"count":73,"href":"https:\/\/kevatturnaus.fi\/index.php?rest_route=\/wp\/v2\/pages\/92\/revisions"}],"predecessor-version":[{"id":2924,"href":"https:\/\/kevatturnaus.fi\/index.php?rest_route=\/wp\/v2\/pages\/92\/revisions\/2924"}],"wp:attachment":[{"href":"https:\/\/kevatturnaus.fi\/index.php?rest_route=%2Fwp%2Fv2%2Fmedia&parent=92"}],"curies":[{"name":"wp","href":"https:\/\/api.w.org\/{rel}","templated":true}]}}